{"id":1122,"date":"2022-12-14T08:59:12","date_gmt":"2022-12-14T08:59:12","guid":{"rendered":"https:\/\/www.hairkulture.it\/?page_id=1122"},"modified":"2023-03-29T12:44:14","modified_gmt":"2023-03-29T12:44:14","slug":"privacy-policy","status":"publish","type":"page","link":"https:\/\/www.hairkulture.it\/en\/privacy-policy\/","title":{"rendered":"Privacy policy"},"content":{"rendered":"<style>\r\n  .privacy-general-container {\r\n    margin: 0 auto;\r\n    padding: 0;\r\n    box-sizing: border-box;\r\n  }\r\n  .privacy-general-container h1,\r\n  .privacy-general-container h2,\r\n  .privacy-general-container h3,\r\n  .privacy-general-container h4,\r\n  .privacy-general-container p,\r\n  .privacy-general-container p a {\r\n    margin-top: 0;\r\n    margin-bottom: 20px;\r\n    font-family: Arial, Helvetica, sans-serif;\r\n    color: #333;\r\n  }\r\n  .privacy-general-container p a:hover {\r\n    text-decoration: none;\r\n  }\r\n  .privacy-general-container h1 {\r\n    font-size: 36px;\r\n    line-height: 40px;\r\n  }\r\n  .privacy-general-container h2 {\r\n    font-size: 28px;\r\n    line-height: 30px;\r\n  }\r\n  .privacy-general-container h3 {\r\n    font-size: 22px;\r\n    line-height: 25px;\r\n  }\r\n  .privacy-general-container h4 {\r\n    font-size: 18px;\r\n    line-height: 20px;\r\n  }\r\n  .privacy-general-container p {\r\n    font-size: 14px;\r\n    line-height: 20px;\r\n  }\r\n  .privacy-general-container ol,\r\n  .privacy-general-container ul {\r\n    margin-top: 0;\r\n    margin-bottom: 20px;\r\n    padding-left: 40px;\r\n  }\r\n  .privacy-general-container ol li,\r\n  .privacy-general-container ul li {\r\n    font-size: 14px;\r\n    line-height: 20px;\r\n  }\r\n  .privacy-general-container ol li p,\r\n  .privacy-general-container ul li p {\r\n    margin-bottom: 0;\r\n  }\r\n  .privacy-general-container dt {\r\n    color: #000;\r\n    font-size: 14px;\r\n  }\r\n  .privacy-general-container hr {\r\n    margin-top: 20px;\r\n    margin-bottom: 20px;\r\n    border: 0;\r\n    border-top: 1px solid #ccc;\r\n  }\r\n<\/style>\r\n<div class=\"privacy-general-container\">\r\n  <p>\r\n    Gentile Utente, ti ringraziamo per aver visitato il nostro sito. Nel\r\n    prosieguo della pagina ti descriviamo le modalit\u00e0 di gestione del sito in\r\n    riferimento al trattamento dei dati personali degli utenti che lo\r\n    consultano.\r\n  <\/p>\r\n  <h2>Perch\u00e8 questo avviso<\/h2>\r\n  <p>\r\n    Si tratta di un'informativa resa anche ai sensi dell'art. 13 del D.lgs. n.\r\n    196\/03 (Codice in materia di protezione dei dati personali) e art. 13 e 14\r\n    del Regolamento Europeo 679\/2016 (di seguito anche \u201cGDPR\u201d) a coloro che\r\n    interagiscono con i servizi web direttamente forniti dalla Societ\u00e0.\r\n    L'informativa \u00e8 resa per il presente sito e non anche per altri siti web\r\n    eventualmente consultati dall'utente tramite link. L'informativa si ispira\r\n    alla raccomandazione n. 2\/2001 che le autorit\u00e0 europee per la protezione dei\r\n    dati personali, riunite nel Gruppo istituito dall'art. 29 della direttiva n.\r\n    95\/46\/CE, hanno adottato il 17 maggio 2001 per individuare alcuni requisiti\r\n    minimi per la raccolta di dati personali on-line, e, in particolare, le\r\n    modalit\u00e0, i tempi e la natura delle informazioni che i titolari del\r\n    trattamento devono fornire agli utenti quando questi si collegano a pagine\r\n    web, indipendentemente dagli scopi del collegamento. Ti invitiamo quindi a\r\n    prendere visione della nostra Politica di Privacy, di seguito illustrata. La\r\n    Politica e gli Standard di Privacy utilizzati per la protezione dei dati\r\n    personali sono fondati sui seguenti principi:\r\n  <\/p>\r\n  <h3>Titolare del Trattamento<\/h3>\r\n  <p>\r\n    Il titolare del trattamento dati \u00e8 la Societ\u00e0 i cui riferimenti sono\r\n    indicati di seguito:\r\n  <\/p>\r\n  <dl>\r\n    <dt>H.K. HAIR KULTURE S.R.L.<\/dt>\r\n    <dt>Via Po\u2019 132 - 43125 - Parma (PR)<\/dt>\r\n    <dt>p. iva: 02531060347<\/dt>\r\n    <dt>info@hairkulture.it<\/dt>\r\n  <\/dl>\r\n  <h3>Principio di responsabilit\u00e0<\/h3>\r\n  <p>\r\n    Il trattamento di dati personali \u00e8 gestito nel tempo da responsabili\r\n    individuati all'interno dell'organizzazione aziendale.\r\n  <\/p>\r\n  <h3>Principio di trasparenza<\/h3>\r\n  <p>\r\n    I dati personali sono raccolti e successivamente trattati secondo i principi\r\n    espressi nella presente Privacy Policy. Al momento dell'eventuale\r\n    conferimento dei dati viene fornita all'interessato un'informativa,\r\n    sintetica ma completa, secondo quanto previsto dall'art. 13 del D.lgs. n.\r\n    196\/03 e dall\u2019art. 13 e 14 del GDPR.\r\n  <\/p>\r\n  <h3>Principio di pertinenza della raccolta<\/h3>\r\n  <p>\r\n    I dati personali sono trattati in modo lecito e secondo correttezza; sono\r\n    registrati per scopi determinati, espliciti e legittimi; sono pertinenti e\r\n    non eccedenti le finalit\u00e0 del trattamento; sono conservati per il tempo\r\n    necessario agli scopi della raccolta.\r\n  <\/p>\r\n  <h3>Principio di finalit\u00e0 dell'utilizzo<\/h3>\r\n  <p>\r\n    Le finalit\u00e0 del trattamento dei dati personali sono rese note agli\r\n    interessati al momento della raccolta. Eventuali nuovi trattamenti di dati,\r\n    se estranei agli scopi dichiarati, sono attivati previa nuova informativa\r\n    all'interessato ed eventuale richiesta di consenso, quando richiesto dal\r\n    D.lgs. n. 196\/03 e dal GDPR. In ogni caso, i dati personali non sono\r\n    comunicati a terzi o diffusi senza il preventivo consenso dell'interessato,\r\n    salvo nei casi espressamente indicati dall'art. 24 del D.lgs. n.196\/03 e dal\r\n    GDPR.\r\n  <\/p>\r\n  <h3>Principio di verificabilit\u00e0<\/h3>\r\n  <p>\r\n    I dati personali sono esatti ed aggiornati nel tempo. Sono altres\u00ec\r\n    organizzati e conservati in modo che sia data all'interessato la possibilit\u00e0\r\n    di conoscere, se lo desidera, quali dati sono stati raccolti e registrati,\r\n    nonch\u00e8 di controllarne la qualit\u00e0 e richiederne l'eventuale correzione,\r\n    integrazione, cancellazione per violazione di legge od opposizione al\r\n    trattamento e di esercitare tutti gli altri diritti, ai sensi e nei limiti\r\n    dell'art. 7 del D.lgs. n. 196\/03 e art. 15 e ss. del GDPR, presso gli\r\n    indirizzi indicati nelle Informative ex art. 13 del D.lgs. n. 196\/03 e ex\r\n    art. 13 e 14 del GDPR presenti nel sito della Societ\u00e0.\r\n  <\/p>\r\n  <h3>Principio di sicurezza<\/h3>\r\n  <p>\r\n    I dati personali sono protetti da misure di sicurezza tecniche,\r\n    informatiche, organizzative, logistiche e procedurali, contro i rischi di\r\n    distruzione o perdita, anche accidentale, e di accesso non autorizzato o di\r\n    trattamento non consentito. Tali misure sono aggiornate periodicamente in\r\n    base al progresso tecnico, alla natura dei dati e alle specifiche\r\n    caratteristiche del trattamento, controllate costantemente e verificate nel\r\n    tempo. Le terze parti che svolgono attivit\u00e0 di supporto di qualsiasi tipo\r\n    per l'erogazione dei servizi richiesti da parte della Societ\u00e0, in relazione\r\n    ai quali eseguono operazioni di trattamento di dati personali, sono da\r\n    quest'ultime designate Responsabili del Trattamento e sono contrattualmente\r\n    vincolate al rispetto delle misure per la sicurezza e la riservatezza dei\r\n    trattamenti. L'identit\u00e0 di dette terze parti \u00e8 resa nota agli utenti. La\r\n    Societ\u00e0 non si assume inoltre alcuna responsabilit\u00e0 su:\r\n  <\/p>\r\n  <ol>\r\n    <li>\r\n      <p>\r\n        le regole e modalit\u00e0 di gestione dei dati personali di altri siti Web,\r\n        raggiungibili dalle nostre pagine attraverso collegamenti e rimandi;\r\n      <\/p>\r\n    <\/li>\r\n    <li>\r\n      <p>\r\n        i contenuti di eventuali servizi di e-mail, spazi Web, chat forum\r\n        forniti agli utenti.\r\n      <\/p>\r\n    <\/li>\r\n  <\/ol>\r\n  <p>\r\n    I trattamenti connessi ai servizi web offerti da questo sito hanno luogo\r\n    presso la Societ\u00e0, ed eventualmente presso le sedi dei Responsabili del\r\n    Trattamento e sono curati da incaricati del trattamento preposti alla\r\n    gestione dei servizi richiesti, alle attivit\u00e0 di marketing - ove richieste\r\n    dall'utente - alle attivit\u00e0 di conservazione dati e di occasionali\r\n    operazioni di manutenzione.\r\n  <\/p>\r\n  <h3>Ambito di comunicazione dei dati<\/h3>\r\n  <p>\r\n    I dati personali conferiti potranno essere comunicati a terzi soggetti per\r\n    adempiere ad obblighi di legge, in esecuzione di ordini provenienti da\r\n    pubbliche autorit\u00e0 a ci\u00f2 legittimate ovvero ancora per fare valere o\r\n    difendere un diritto in sede giudiziaria. Se necessario in relazione a\r\n    particolari servizi o prodotti richiesti, i dati personali potranno essere\r\n    comunicati a terzi soggetti che svolgono, in qualit\u00e0 di autonomi titolari\r\n    del trattamento, funzioni strettamente connesse e strumentali alla\r\n    prestazione dei servizi o fornitura dei prodotti. Senza la comunicazione,\r\n    questi servizi e prodotti non potrebbero essere forniti. I dati personali\r\n    non saranno diffusi, salvo che il servizio richiesto lo richieda.\r\n  <\/p>\r\n  <h3>Dati forniti volontariamente dall'utente<\/h3>\r\n  <p>\r\n    Le tipologie di dati personali raccolti e trattati nel presente sito sono\r\n    quelle necessarie alla erogazione dei vari servizi forniti. I dati raccolti\r\n    sono trattati con modalit\u00e0 cartacee, automatizzate e telematiche e con\r\n    logiche strettamente correlate alle finalit\u00e0 del trattamento. Per offrirti i\r\n    servizi potranno essere utilizzati anche il tuo numero di telefono il tuo\r\n    indirizzo e-mail. E' quindi evidente che, qualora tali dati non fossero\r\n    conferiti, non ti potranno essere forniti quei servizi che richiedono l'uso\r\n    di questi strumenti. L'eventuale invio volontario di posta elettronica agli\r\n    indirizzi indicati nel sito comporta l'acquisizione dell'indirizzo del\r\n    mittente nonch\u00e8 di eventuali altre informazioni contenute nel messaggio;\r\n    tali dati personali saranno utilizzati al solo fine di eseguire il servizio\r\n    o la prestazione richiesta.\r\n  <\/p>\r\n  <h3>Dati di navigazione<\/h3>\r\n  <p>\r\n    \u00c8 utile conoscere che le procedure software del sito acquisiscono, nel corso\r\n    del loro normale esercizio, alcuni dati personali la cui trasmissione \u00e8\r\n    implicita nell'uso dei protocolli di comunicazione di internet. Pur essendo\r\n    informazioni non destinate ad essere associate a utenti identificati, per\r\n    loro natura, se associate ad altri dati detenuti da terzi (ad es. il suo\r\n    internet service provider), potrebbero permettere l'identificazione degli\r\n    utenti. In questa categoria di dati rientrano gli indirizzi IP o i nomi a\r\n    dominio dei computer utilizzati dagli utenti che si connettono al sito, gli\r\n    indirizzi in notazione URL (Uniform Resource Locator) delle risorse\r\n    richieste, l'orario della richiesta, il metodo utilizzato nel sottoporre la\r\n    richiesta al server, la dimensione del file ottenuto in risposta, il codice\r\n    numerico indicante lo stato della risposta data dal server (buon fine,\r\n    errore, ecc.) ed altri parametri relativi al sistema operativo e\r\n    all'ambiente informatico dell'utente. Questi dati sono utilizzati ai soli\r\n    fini di statistiche anonime sull'uso del sito e per controllarne il corretto\r\n    funzionamento. Il Titolare del trattamento e, a seconda del servizio\r\n    richiesto, i Responsabili designati conservano, per un periodo limitato\r\n    secondo le norme di legge, il tracciato (LOG) delle connessioni\/navigazioni\r\n    effettuate per rispondere alle eventuali richieste provenienti dall'autorit\u00e0\r\n    giudiziaria o da altro organo pubblico legittimato a richiedere detto\r\n    tracciato per l'accertamento di eventuali responsabilit\u00e0 in caso di reati\r\n    informatici.<br \/>\r\n    A parte quanto specificato per i dati di navigazione, l'utente \u00e8 libero di\r\n    conferire o meno i dati personali richiesti nel form di registrazione ai\r\n    servizi. Su tale form peraltro alcuni dati possono essere contrassegnati\r\n    come obbligatori; si deve intendere che tali dati sono necessari per\r\n    l'erogazione del servizio richiesto. Qualora non vengano conferiti questi\r\n    dati il servizio richiesto non potr\u00e0 essere erogato.<br \/>\r\n    Al momento dell'eventuale conferimento dei dati, secondo quanto previsto\r\n    dall'art. 13 del D.lgs. n. 196\/03 e dagli art. 13 e 14 del GDPR, viene\r\n    fornita all'interessato un'informativa, sintetica ma completa e trasparente,\r\n    sulle finalit\u00e0 e modalit\u00e0 dei trattamenti, sul carattere obbligatorio o\r\n    facoltativo del conferimento dei dati, sulle conseguenze del mancato\r\n    conferimento, sui soggetti o sulle categorie di soggetti cui i dati\r\n    personali possono essere comunicati e l'ambito di diffusione dei dati\r\n    medesimi, sui diritti di cui all'art. 7 del D.lgs. n. 196\/03 e art. 15 e ss\r\n    del GDPR (accesso, integrazione, aggiornamento, correzione, cancellazione\r\n    per violazione di legge, opposizione al trattamento, ecc.), sull'identit\u00e0 e\r\n    sulla sede del Titolare e dei Responsabili del Trattamento. L'interessato \u00e8\r\n    quindi chiamato ad esprimere il suo consenso informato, libero, espresso in\r\n    forma specifica e documentato nella forma prevista dalla legge, ove\r\n    richiesto dalla medesima. Qualora i conferimenti di dati personali avvengano\r\n    in fasi successive, potranno essere fornite integrazioni alle informative\r\n    gi\u00e0 rese in precedenza e richiesti nuovi consensi al trattamento disposti\r\n    dal Codice Privacy e dal GDPR.\r\n  <\/p>\r\n  <h3>Misure di sicurezza adottate per la tutela dei dati raccolti<\/h3>\r\n  <p>\r\n    La Societ\u00e0 utilizza architetture e tecnologie &quot;sicure&quot; per\r\n    proteggere i dati personali contro l'indebita divulgazione, alterazione od\r\n    uso improprio. Le protezioni attivate nei confronti dei dati personali si\r\n    propongono, in particolare, di ridurre al minimo i rischi di distruzione o\r\n    di perdita, anche accidentale, dei dati, di accesso non autorizzato o di\r\n    trattamento non consentito o non conforme alle finalit\u00e0 della raccolta.\r\n    Dette misure di sicurezza rispondono ovviamente ai requisiti minimi indicati\r\n    dal Legislatore (Disciplinare Tecnico in materia di misure minime di\r\n    sicurezza di cui agli artt. da 33 a 36 del D.lgs. n. 196\/03). I soggetti cui\r\n    si riferiscono i dati personali hanno il diritto in qualunque momento di\r\n    ottenere la conferma dell'esistenza o meno dei medesimi dati e di conoscerne\r\n    il contenuto e l'origine, verificarne l'esattezza o chiederne l'integrazione\r\n    o l'aggiornamento, oppure la rettificazione (art. 7 del D.lgs. n. 196\/03 e\r\n    art. 16 del GDPR). Ai sensi del medesimo articolo l'interessato ha il\r\n    diritto di chiedere la cancellazione, la trasformazione in forma anonima o\r\n    il blocco dei dati trattati in violazione di legge, nonch\u00e8 di opporsi in\r\n    ogni caso, per motivi legittimi, al loro trattamento. Le richieste vanno\r\n    rivolte ai recapiti della Societ\u00e0 indicati nel footer del sito.\r\n  <\/p>\r\n  <hr \/>\r\n  <h2>Condizioni d'uso del sito e Trattamento dati<\/h2>\r\n  <h3>Condizioni d'uso<\/h3>\r\n  <p>\r\n    Al fine di utilizzare i servizi offerti sul presente sito intestato alla\r\n    Societ\u00e0 (i cui riferimenti sono indicati nella sezione Contatti del sito),\r\n    dovrai procedere alla registrazione mediante la scelta di una username e una\r\n    password, ove richiesto, attraverso la compilazione degli eventuali campi\r\n    obbligatori e fornire le informazioni personali assicurando che queste siano\r\n    aggiornate, complete e veritiere. I servizi dovranno essere utilizzati\r\n    esclusivamente per scopi leciti e in linea con le finalit\u00e0 del presente\r\n    sito, il mancato adempimento a tale impegno potr\u00e0 renderti soggetto a\r\n    responsabilit\u00e0 civile e\/o penale.\r\n  <\/p>\r\n  <ol>\r\n    <li>\r\n      A seguito della registrazione potrai accedere a tutti o ad alcuni dei\r\n      servizi presenti sul sito, assumendo la piena responsabilit\u00e0 in merito\r\n      alle dichiarazioni, affermazioni ed eventuali dati inseriti o a te\r\n      riconducibili indirettamente.\r\n    <\/li>\r\n    <li>\r\n      La Societ\u00e0 non potr\u00e0 in alcun modo essere ritenuta responsabile per\r\n      eventuali violazioni compiute o per domande e pretese anche risarcitorie\r\n      che dovessero essere avanzate da terzi, in relazione ai contenuti da te\r\n      inseriti ivi compresa la Pubblica Autorit\u00e0 e le Autorit\u00e0 di controllo in\r\n      materia pubblicitaria, ferma restando la tua responsabilit\u00e0 per i danni\r\n      eventualmente arrecati alla Societ\u00e0.\r\n    <\/li>\r\n    <li>\r\n      Tutte le iniziative intraprese a seguito del consulto del presente sito\r\n      saranno da te liberamente effettuate. La Societ\u00e0 non sar\u00e0 in alcun modo\r\n      responsabile per eventuali interpretazioni errate e per attivit\u00e0 da te\r\n      intraprese a seguito del consulto del presente sito.\r\n    <\/li>\r\n    <li>\r\n      La Societ\u00e0 avr\u00e0 la facolt\u00e0 di interrompere e\/o di intervenire su attivit\u00e0\r\n      da te compiute attraverso il presente sito in ogni momento e senza\r\n      preavviso a seguito della mancata osservanza delle presenti Condizioni.\r\n    <\/li>\r\n    <li>\r\n      La Societ\u00e0 declina qualsiasi responsabilit\u00e0 per i contenuti immessi sul\r\n      presente sito dai propri utenti, impegnandosi unicamente a provvedere alla\r\n      tempestiva rimozione dei contenuti oggetto di contestazione da parte di\r\n      terzi a fronte di idonea segnalazione da parte dell'interessato e\/o\r\n      dell'autorit\u00e0 competente.\r\n    <\/li>\r\n    <li>\r\n      Assumi, inoltre, l\u2019impegno di non distruggere, modificare o interferire in\r\n      alcun modo con alcun software e\/o server del presente sito e di non\r\n      impedire n\u00e9 interferire con l'utilizzo dei servizi da parte di terzi.\r\n      Accetti, inoltre, di non alterare n\u00e9 interferire con alcuna informazione o\r\n      materiale dei servizi o ad essi associati.\r\n    <\/li>\r\n    <li>\r\n      I servizi vengono forniti nello stato di fatto e di diritto in cui si\r\n      trovano. La Societ\u00e0 esclude, pertanto, qualunque garanzia, esplicita o\r\n      implicita, in relazione alla qualit\u00e0 o in merito a particolari\r\n      caratteristiche dei servizi, cos\u00ec come non sar\u00e0 in alcun caso responsabile\r\n      nell\u2019ipotesi in cui i servizi si rendessero indisponibili, in tutto o in\r\n      parte, ovvero, per qualsiasi diversa modalit\u00e0 con la quale il servizio\r\n      fosse reso. Non garantisce, inoltre, l'accesso continuo, ininterrotto o\r\n      sicuro al servizio, dal momento che le operazioni del presente sito\r\n      possono subire l'interferenza di numerosi fattori che non rientrano nelle\r\n      possibilit\u00e0 di controllo della Societ\u00e0.\r\n    <\/li>\r\n    <li>\r\n      La Societ\u00e0 si riserva il diritto di prevedere e di richiedere di\r\n      accettare, di volta in volta, ulteriori condizioni di utilizzo applicabili\r\n      a parti specifiche o sezioni del presente sito. Tali condizioni ulteriori\r\n      saranno immesse nelle parti del presente sito a cui si riferiscono e\r\n      saranno chiaramente identificabili.\r\n    <\/li>\r\n    <li>\r\n      La Societ\u00e0 potr\u00e0 modificare le presenti Condizioni. Le modifiche saranno\r\n      da intendersi accettate con l\u2019uso del sito da parte dell\u2019utente.\r\n    <\/li>\r\n    <li>\r\n      La legge che disciplina le presenti Condizioni \u00e8 la legge italiana. Il\r\n      presente accordo \u00e8 stato redatto in lingua italiana. Qualsiasi\r\n      controversia che dovesse derivare dal rapporto regolato dal presente\r\n      accordo verr\u00e0 devoluta alla giurisdizione ordinaria italiana.\r\n    <\/li>\r\n  <\/ol>\r\n  <p>\r\n    La Societ\u00e0 non garantisce che i contenuti del presente sito siano\r\n    appropriati o leciti in altri paesi. L\u2019eventuale invalidit\u00e0, nullit\u00e0 o\r\n    inefficacia di uno o pi\u00f9 delle presenti Condizioni ove accettate, non\r\n    determiner\u00e0 l\u2019invalidit\u00e0, inefficacia o nullit\u00e0 delle restanti clausole che\r\n    resteranno valide ed efficaci.\r\n  <\/p>\r\n  <h4>\r\n    INFORMATIVA AI SENSI DELL\u2019ART 13 D.LGS. 30 GIUGNO 2003 N. 196 E ARTT. 13 E\r\n    14 REGOLAMENTO UE 2016\/679 (di seguito anche \u201cGDPR\u201d)\r\n  <\/h4>\r\n  <p>\r\n    In questa pagina vengono descritte le modalit\u00e0 di gestione del presente sito\r\n    con riferimento al trattamento dei dati personali degli utenti che\r\n    completano il form di contatto. La Societ\u00e0, i cui dati sono indicati nel\r\n    footer del presente sito, \u00e8 Titolare del Trattamento dati.\r\n  <\/p>\r\n  <h4>1. Fonte dei dati personali<\/h4>\r\n  <p>\r\n    La Societ\u00e0 tratta, in qualit\u00e0 di autonomo titolare, i dati da te\r\n    espressamente e volontariamente inseriti attraverso la compilazione, tramite\r\n    canale telematico, del form di contatto.\r\n  <\/p>\r\n  <h4>2. Base Giuridica e Finalit\u00e0 del Trattamento<\/h4>\r\n  <p>\r\n    Il trattamento dei tuoi dati \u00e8 necessario all\u2019esecuzione di misure\r\n    precontrattuali. I tuoi dati verranno, pertanto, trattati dalla Societ\u00e0 per\r\n    finalit\u00e0 connesse o strumentali alle tue richieste. Con l\u2019inserimento dei\r\n    dati per soddisfare le tue richieste, accetti di ricevere materiale\r\n    informativo e comunicazioni commerciali dalla Societ\u00e0, attraverso modalit\u00e0\r\n    di contatto tradizionali (tramite chiamate telefoniche) o automatizzate\r\n    (sms, e-mail). Il trattamento dei tuoi dati costituisce interesse legittimo\r\n    della Societ\u00e0 ai sensi e per gli effetti dell\u2019art. 6 comma 1 lett f) e\r\n    considerando 47 del GDPR. Il tuo consenso \u00e8 facoltativo, tuttavia in caso di\r\n    mancato inserimento dei campi contrassegnati come obbligatori (*), le tue\r\n    richieste non potranno essere soddisfatte.\r\n  <\/p>\r\n  <h4>3. Durata del trattamento<\/h4>\r\n  <p>\r\n    Il trattamento avr\u00e0 una durata non superiore a quella necessaria per le\r\n    finalit\u00e0 per le quali i dati sono stati raccolti. I dati raccolti per\r\n    l\u2019invio di comunicazioni commerciali saranno conservati per un periodo non\r\n    superiore ai 24 mesi.\r\n  <\/p>\r\n  <h4>4. Modalit\u00e0 di trattamento dei dati<\/h4>\r\n  <p>\r\n    Il trattamento dei dati personali viene effettuato manualmente e con\r\n    strumenti elettronici, con logiche strettamente correlate alle finalit\u00e0\r\n    sopra indicate e, comunque, in modo da garantire la sicurezza e la\r\n    riservatezza dei dati stessi.\r\n  <\/p>\r\n  <h4>5. Soggetti ai quali i dati possono essere comunicati<\/h4>\r\n  <p>\r\n    La Societ\u00e0 pu\u00f2 comunicare i dati personali conferiti ai soggetti che\r\n    svolgono a favore della Societ\u00e0 attivit\u00e0 di assistenza e consulenza\r\n    professionale, necessaria per l\u2019erogazione dei servizi presenti sul sito e\r\n    per soddisfare le tue richieste. I soggetti appartenenti alle predette\r\n    categorie, ai quali i dati possono essere comunicati, utilizzeranno i dati\r\n    in qualit\u00e0 di \u201cTitolari\u201d, ovvero in qualit\u00e0 di \u201cResponsabili\u201d di specifiche\r\n    operazioni di trattamento che rientrano nelle prestazioni contrattuali che i\r\n    soggetti medesimi eseguono a favore della Societ\u00e0. Possono venire a\r\n    conoscenza dei dati, in qualit\u00e0 di \u201cResponsabili\u201d o di \u201cIncaricati\u201d anche i\r\n    dipendenti e i collaboratori della Societ\u00e0.\r\n  <\/p>\r\n  <h4>6. Diritti dell\u2019interessato<\/h4>\r\n  <p>\r\n    Avrai diritto di ottenere dalla Societ\u00e0, in qualit\u00e0 di Titolare del\r\n    Trattamento dati, la conferma dell\u2019esistenza o meno di dati personali che ti\r\n    riguardano, anche se non ancora registrati, e la loro comunicazione in un\r\n    formato di uso comune, comprensibile e leggibile da dispositivo automatico;\r\n    l\u2019indicazione dell\u2019origine dei dati personali, delle finalit\u00e0 e modalit\u00e0 del\r\n    trattamento, della logica applicata, in caso di trattamento effettuato con\r\n    l\u2019ausilio di strumenti elettronici, nonch\u00e9 dei soggetti o delle categorie di\r\n    soggetti ai quali i dati personali possono essere comunicati o che possono\r\n    venirne a conoscenza in qualit\u00e0 di Responsabili o Incaricati; avrai,\r\n    inoltre, diritto alla cancellazione, alla trasformazione in forma anonima o\r\n    al blocco dei dati trattati in violazione di legge, alla portabilit\u00e0 dei\r\n    tuoi dati, nonch\u00e9 l\u2019aggiornamento, la rettificazione, la limitazione ovvero,\r\n    qualora tu lo richieda, l\u2019integrazione o di ricevere una copia dei dati\r\n    oggetto di trattamento. Avrai inoltre diritto a proporre reclamo davanti al\r\n    Garante Privacy.\r\n  <\/p>\r\n  <p>\r\n    Per qualsiasi comunicazione inerente il trattamento dei dati personali da\r\n    parte dell\u2019Utilizzatore potrai contattare lo stesso all\u2019indirizzo e-mail\r\n    indicato sul presente sito ovvero potrai prendere contatto con Dinamis\r\n    s.r.l., scrivendo all\u2019indirizzo\r\n    <a href=\"mailto:privacy@dinamis.it\">privacy@dinamis.it<\/a>.\r\n  <\/p>\r\n<\/div>","protected":false},"excerpt":{"rendered":"","protected":false},"author":1,"featured_media":0,"parent":0,"menu_order":0,"comment_status":"closed","ping_status":"closed","template":"","meta":{"_acf_changed":false,"footnotes":""},"class_list":["post-1122","page","type-page","status-publish","hentry"],"acf":[],"_links":{"self":[{"href":"https:\/\/www.hairkulture.it\/en\/wp-json\/wp\/v2\/pages\/1122","targetHints":{"allow":["GET"]}}],"collection":[{"href":"https:\/\/www.hairkulture.it\/en\/wp-json\/wp\/v2\/pages"}],"about":[{"href":"https:\/\/www.hairkulture.it\/en\/wp-json\/wp\/v2\/types\/page"}],"author":[{"embeddable":true,"href":"https:\/\/www.hairkulture.it\/en\/wp-json\/wp\/v2\/users\/1"}],"replies":[{"embeddable":true,"href":"https:\/\/www.hairkulture.it\/en\/wp-json\/wp\/v2\/comments?post=1122"}],"version-history":[{"count":1,"href":"https:\/\/www.hairkulture.it\/en\/wp-json\/wp\/v2\/pages\/1122\/revisions"}],"predecessor-version":[{"id":1123,"href":"https:\/\/www.hairkulture.it\/en\/wp-json\/wp\/v2\/pages\/1122\/revisions\/1123"}],"wp:attachment":[{"href":"https:\/\/www.hairkulture.it\/en\/wp-json\/wp\/v2\/media?parent=1122"}],"curies":[{"name":"wp","href":"https:\/\/api.w.org\/{rel}","templated":true}]}}